{"id":80,"date":"2016-09-17T14:02:58","date_gmt":"2016-09-17T12:02:58","guid":{"rendered":"http:\/\/ns328511.ip-37-187-114.eu\/agatwp\/?page_id=80"},"modified":"2022-04-03T22:21:05","modified_gmt":"2022-04-03T20:21:05","slug":"questions-et-reponces","status":"publish","type":"page","link":"https:\/\/www.agat-turner.org\/?page_id=80","title":{"rendered":"Questions et r\u00e9ponses"},"content":{"rendered":"<h2>Qu&rsquo;est-ce que le syndrome de Turner ?<\/h2>\n<p>Le syndrome de Turner est une anomalie chromosomique portant sur l&rsquo;un des deux chromosomes sexuels. Au lieu de poss\u00e9der la r\u00e9partition normale des chromosomes : 46 XX chez une femme, 46 XY chez un homme, une jeune fille Turner pr\u00e9sente :<\/p>\n<ul>\n<li>soit l&rsquo;absence d&rsquo;un chromosome X : 45 XO, sur tout ou partie des cellules \u00e9tudi\u00e9es (&lsquo;mosa\u00efque&rsquo;)<\/li>\n<li>soit une anomalie sur l&rsquo;un des deux chromosomes X pr\u00e9sents.<\/li>\n<\/ul>\n<p>Le syndrome de Turner n&rsquo;est ni li\u00e9 \u00e0 l&rsquo;\u00e2ge des parents, ni \u00e0 l&rsquo;\u00e2ge de conception de l&rsquo;enfant. Les parents ne sont ni porteurs, ni responsables de l&rsquo;anomalie observ\u00e9e. Celle-ci survient au niveau de la conception du f\u0153tus, de mani\u00e8re al\u00e9atoire et fortuite.<\/p>\n<p>Cette affection atteint une femme sur 2500, soit 150 cas par an environ en France.<\/p>\n<h2>Qui \u00e9tait Henry Turner? Un peu d&rsquo;histoire&#8230;<\/h2>\n<p>Henry Turner est un m\u00e9decin am\u00e9ricain qui a d\u00e9crit, en 1938, un syndrome associant, chez une femme de petite taille, une absence de pubert\u00e9 sans caract\u00e8res sexuels secondaires (seins et pilosit\u00e9), et la pr\u00e9sence fr\u00e9quente d&rsquo;un pli cutan\u00e9 lat\u00e9ral du cou. Otto Ulrich avait d\u00e9j\u00e0, en 1930, fait une description analogue. A l&rsquo;\u00e9poque, la description \u00e9tait purement clinique, car le caryotype n&rsquo;existait pas.<\/p>\n<p>Les premiers caryotypes datent de 1959. L&rsquo;ann\u00e9e suivante, Monsieur Ford d\u00e9crivait l&rsquo;existence de la monosomie X, c&rsquo;est \u00e0 dire l&rsquo;absence d&rsquo;un chromosome X, qui caract\u00e9rise les syndromes de Turner les plus fr\u00e9quents.<\/p>\n<p>En 1965, les anomalies de l&rsquo;X \u00e9taient d\u00e9crites pour la premi\u00e8re fois.<\/p>\n<p>Les premiers traitements de la petite taille du syndrome de Turner par l&rsquo;hormone de croissance, datent des ann\u00e9es 90 ! (86, autorisation de la mise sur le march\u00e9 sous protocole)<\/p>\n<h2>Diagnostic et d\u00e9pistage<\/h2>\n<h3>Quel examen fait-on pour d\u00e9pister le syndrome de Turner ?<\/h3>\n<p>L&rsquo;examen principal, lorsque des signes cliniques font \u00e9voquer le diagnostic, est le caryotype. Il s&rsquo;agit d&rsquo;un examen totalement indolore qui \u00e9tudie, \u00e0 partir de quelques cellules pr\u00e9lev\u00e9es dans le sang, le patrimoine g\u00e9n\u00e9tique contenu dans les chromosomes. Il est ainsi possible de distinguer et de compter tous les chromosomes, identiques, dans toutes les cellules d&rsquo;un m\u00eame individu, et d&rsquo;identifier s&rsquo;il en manque un, s&rsquo;il y en a un de trop ou si l&rsquo;un d&rsquo;entre eux est d\u00e9t\u00e9rior\u00e9.<\/p>\n<p>Un \u00eatre humain avec un caryotype normal poss\u00e8de 46 chromosomes, dont deux chromosomes dits sexuels : X et Y pour l&rsquo;homme, XX pour la femme.<\/p>\n<h3>Si nous avons d&rsquo;autres enfants, pourront-ils aussi \u00eatre atteints par le syndrome de Turner ?<\/h3>\n<p>Le syndrome de Turner n&rsquo;est pas une maladie familiale. Dans la tr\u00e8s grande majorit\u00e9 des cas, il n&rsquo;existe pas d&rsquo;anomalie au niveau d&rsquo;un chromosome maternel ou paternel, donc pas de possibilit\u00e9 de transmission h\u00e9r\u00e9ditaire. Un autre enfant n&rsquo;a ainsi pas plus de risque de pr\u00e9senter un syndrome de Turner. Seuls quelques cas exceptionnels \u00ab\u00a0d&rsquo;anomalie de l&rsquo;X\u00a0\u00bb peuvent \u00eatre transmis d&rsquo;une m\u00e8re \u00e0 sa fille.<\/p>\n<p>Il est donc souhaitable, en cas d&rsquo;anomalie de l&rsquo;X seulement, de faire un caryotype aux deux parents.<\/p>\n<p>Il est \u00e9galement possible d&rsquo;effectuer un caryotype chez le f\u0153tus, qui entre dans les dispositions l\u00e9gales et est donc rembours\u00e9 par la S\u00e9curit\u00e9 Sociale.<\/p>\n<p>Les jeunes femmes Turner parvenant \u00e0 une grossesse naturelle peuvent par contre pr\u00e9senter un risque suppl\u00e9mentaire de transmettre le syndrome \u00e0 une fille.<\/p>\n<h3>Aurait-on pu s&rsquo;en apercevoir pendant la grossesse ? Si oui, qu&rsquo;est-il possible de faire ?<\/h3>\n<p>Pendant la grossesse, seules des anomalies d\u00e9tectables par un examen \u00e9chographique peuvent attirer l&rsquo;attention. Il peut s&rsquo;agir :<\/p>\n<ul>\n<li>d&rsquo;un retard de croissance intra-ut\u00e9rin important,<\/li>\n<li>d&rsquo;une anomalie du cou (plis cutan\u00e9s, disparaissant normalement quelques semaines apr\u00e8s la naissance) : pterigium coli<\/li>\n<\/ul>\n<p>et plus rarement d\u00e9celable \u00e0 l&rsquo;\u00e9chographie :<\/p>\n<ul>\n<li>d&rsquo;une malformation cardiaque,<\/li>\n<li>d&rsquo;un \u0153d\u00e8me important des mains et des pieds, appel\u00e9 anasarque (visible \u00e0 la naissance s&rsquo;il est pr\u00e9sent),<\/li>\n<li>d&rsquo;une malformation des voies urinaires.<\/li>\n<\/ul>\n<p>Si le f\u0153tus na\u00eet sans ces anomalies, ce qui est le plus fr\u00e9quent, on ne pouvait pas d\u00e9pister le syndrome de Turner.<\/p>\n<p>Si l&rsquo;une de ces anomalies attire l&rsquo;attention, on r\u00e9alise un caryotype f\u0153tal.<br \/>\nSi le syndrome de Turner est confirm\u00e9, ou devant tout pterigium coli, ou encore malformation cardiaque irr\u00e9versible; l&rsquo;indication d&rsquo;un \u00e9ventuel avortement th\u00e9rapeutique doit \u00eatre discut\u00e9 entre la famille et les experts. Il s&rsquo;agit d&rsquo;un choix personnel qui doit \u00eatre pris en connaissance de cause..<\/p>\n<h3>Aurait-on pu le pr\u00e9voir ou le d\u00e9pister plus t\u00f4t ?<\/h3>\n<p>Le diagnostic du syndrome de Turner se fait \u00e0 un \u00e2ge variable, selon l&rsquo;importance des signes cliniques pr\u00e9sents.<\/p>\n<p>En dehors des rares cas o\u00f9 le diagnostic est fait pendant la grossesse, il est parfois possible de le suspecter \u00e0 la naissance, dans environ 20% des cas, lorsqu&rsquo;il existe :<\/p>\n<ul>\n<li>une anomalie du cou\u00a0une malformation cardiaque<\/li>\n<li>un \u0153d\u00e8me important des pieds et des mains<\/li>\n<li>une malformation des voies urinaires.<\/li>\n<\/ul>\n<p>En l&rsquo;absence de ces signes typiques, le diagnostic est souvent plus tardif. C&rsquo;est souvent un infl\u00e9chissement progressif de la la courbe de taille qui le fera \u00e9voquer, chez une fillette trop petite pour son \u00e2ge. Le pic pubertaire ne se produit pas. Dans quelques cas, une baisse de l&rsquo;acuit\u00e9 auditive secondaire due \u00e0 des otites \u00e0 r\u00e9p\u00e9tition peut \u00e9galement attirer l&rsquo;attention et faire rechercher le diagnostic.<\/p>\n<h2>G\u00e9rer le syndrome au quotidien<\/h2>\n<h3>Comment annoncer \u00e0 ma fille qu&rsquo;elle a un syndrome de Turner ?<\/h3>\n<p style=\"text-align: justify;\">L&rsquo;annonce \u00e0 une fillette qu&rsquo;elle est porteuse d&rsquo;un syndrome de Turner doit, bien s\u00fbr, tenir compte de l&rsquo;\u00e2ge de d\u00e9couverte. Si l&rsquo;enfant est tr\u00e8s jeune, il peut \u00eatre utile de fractionner l&rsquo;information, en expliquant en premier lieu les sympt\u00f4mes qu&rsquo;elle a d\u00e9j\u00e0 remarqu\u00e9s, par exemple sa petite taille.<\/p>\n<p style=\"text-align: justify;\">D\u00e8s l&rsquo;\u00e2ge de 12 ou 13 ans, l&rsquo;enfant est en \u00e2ge de comprendre la totalit\u00e9 des probl\u00e8mes pos\u00e9s, expliqu\u00e9s en termes simples, avec l&rsquo;aide \u00e9ventuelle du m\u00e9decin traitant ou les conseils d&rsquo;une association de familles concern\u00e9es.<\/p>\n<p style=\"text-align: justify;\">Il est alors souhaitable d&rsquo;aborder les diff\u00e9rents aspects du syndrome de Turner, car plus l&rsquo;enfant est inform\u00e9e t\u00f4t, mieux elle r\u00e9agit et mieux elle est \u00e0 m\u00eame de faire face \u00e0 ses nouvelles r\u00e9alit\u00e9s.<\/p>\n<p style=\"text-align: justify;\">Les parents doivent savoir qu&rsquo;une fillette inform\u00e9e supporte beaucoup mieux les diverses anomalies ou retards (de croissance et pubertaire notamment) li\u00e9s \u00e0 son \u00e9tat. Ils ne doivent pas modifier leur attitude \u00e0 son \u00e9gard, et en particulier \u00e9viter de la surprot\u00e9ger.<\/p>\n<h3 style=\"text-align: justify;\">Mon enfant peut-elle g\u00e9rer\u00a0son traitement par hormone de croissance seule ?<\/h3>\n<p style=\"text-align: justify;\">Il est fr\u00e9quent que les jeunes Turner, au bout d&rsquo;un moment, prennent en charge leur traitement par hormone de croissance seules. Apr\u00e8s que les injections aient \u00e9t\u00e9 effectu\u00e9es par les parents pendant plusieurs ann\u00e9es, elles sont faites par l&rsquo;enfant elle-m\u00eame, pour des raisons de commodit\u00e9 le plus souvent (l&rsquo;enfant n&rsquo;est plus d\u00e9pendante des parents ou de l&rsquo;infirmi\u00e8re)<\/p>\n<p style=\"text-align: justify;\">De nouveau, il s&rsquo;agit d&rsquo;une initiative personnelle, et la jeune fille doit prendre cette d\u00e9cision seule. Il est difficile au d\u00e9but de se faire une injection soi-m\u00eame, quand on a 12 ou 13 ans, le d\u00e9sir se fait parfois sentir mais sans que l&rsquo;on ose passer \u00e0 l&rsquo;acte. L\u00e0 encore, il faut attendre que la jeune fille se sente pr\u00eate et ne pas la forcer \u00e0 faire elle m\u00eame son traitement, m\u00eame si cela lib\u00e8re les parents d&rsquo;une contrainte.<\/p>\n<p style=\"text-align: justify;\">En ce qui concerne les autres aspects de la maladie, la jeune fille peut, d\u00e8s qu&rsquo;elle le souhaite, d\u00e9cider de se rendre en consultation seule, de g\u00e9rer ses ordonnances et ses diff\u00e9rents rendez vous, \u00e0 partir du moment o\u00f9 elle ne ressent plus le besoin de la pr\u00e9sence rassurante de ses parents.<\/p>\n<p style=\"text-align: justify;\">Dans tous les cas, il y a tout int\u00e9r\u00eat pour les parents \u00e0 laisser petit \u00e0 petit leur fille s&rsquo;occuper seule de sa sant\u00e9.<\/p>\n<h2>Implications indirectes au niveau de la sant\u00e9<\/h2>\n<h3>En dehors de sa petite taille, ma fille a-t-elle d&rsquo;autres \u00ab\u00a0anomalies\u00a0\u00bb ?<\/h3>\n<p>Il faut distinguer celles qui sont relativement fr\u00e9quentes et caract\u00e9ristiques du syndrome de Turner :<\/p>\n<ul>\n<li>une dysg\u00e9n\u00e9sie ovarienne,<\/li>\n<li>une st\u00e9rilit\u00e9,<\/li>\n<li>des plis cutan\u00e9s au niveau du cou,<\/li>\n<\/ul>\n<p>et les autres, beaucoup plus rares, m\u00eame si la fr\u00e9quence de certaines anomalies est accrue, telles que :<\/p>\n<ul>\n<li>certaines malformations cardiaques,<\/li>\n<li>certaines anomalies r\u00e9nales, qui incitent \u00e0 la vigilance en cas d&rsquo;infections urinaires,<\/li>\n<li>des anomalies O.R.L., au niveau de l&rsquo;oreille interne, d\u00e9pist\u00e9es par un audiogramme, qui pourraient \u00eatre dues \u00e0 des otites s\u00e9reuses r\u00e9p\u00e9titives dans la petite enfance.<\/li>\n<\/ul>\n<h3>Vivra-t-elle aussi longtemps que les autres ?<\/h3>\n<p>A date, aucun \u00e9l\u00e9ment ne plaide en faveur de l&rsquo;existence d&rsquo;une diff\u00e9rence entre une jeune fille Turner et une autre. Il est tr\u00e8s probable qu&rsquo;il n&rsquo;existe pas de diff\u00e9rence notable de long\u00e9vit\u00e9.<\/p>\n<p>Il est n\u00e9anmoins indispensable, pendant sa vie d&rsquo;adulte, de poursuivre de fa\u00e7on prolong\u00e9e la prise d&rsquo;\u0153strog\u00e8ne, pour \u00e9viter les inconv\u00e9nients li\u00e9s \u00e0 l&rsquo;absence d&rsquo;hormones et donc \u00e0 l&rsquo;\u00e9quivalent d&rsquo;une m\u00e9nopause trop pr\u00e9coce, en particulier une ost\u00e9oporose, des troubles m\u00e9taboliques et cardiovasculaires (les \u0153strog\u00e8nes ont un effet protecteur vis-\u00e0-vis de l&rsquo;infarctus du myocarde), une hypertension. Et de mani\u00e8re g\u00e9n\u00e9rale \u00e0 assurer un suivi complet et multidisciplinaire de la femme Turner.<\/p>\n<h2>D\u00e9veloppement intellectuel et social<\/h2>\n<h3>La jeune fille pourra-t-elle faire des \u00e9tudes comme les autres ?<\/h3>\n<p>Contrairement \u00e0 une croyance r\u00e9pandue, il n&rsquo;existe pas de modification ou de baisse de l&rsquo;intelligence chez les jeunes filles Turner (QI sans relation avec le syndrome). Leur r\u00e9ussite scolaire est donc comparable \u00e0 celle des autres enfants et tr\u00e8s li\u00e9e au milieu social et familial dans lequel elles sont \u00e9lev\u00e9es.<\/p>\n<p>M\u00eame s&rsquo;il semble que les math\u00e9matiques puissent pr\u00e9senter certaines difficult\u00e9s d&rsquo;apprentissage, le d\u00e9veloppement intellectuel des jeunes filles Turner est, de fa\u00e7on globale, strictement comparable \u00e0 celui de la fratrie et de la population g\u00e9n\u00e9rale.<\/p>\n<p>Toutefois, il peut exister des d\u00e9ficiences scolaires li\u00e9es indirectement au syndrome de Turner :<\/p>\n<ul>\n<li>la petite taille peut \u00eatre v\u00e9cue comme p\u00e9nalisante sur le plan psychologique<\/li>\n<li>une diminution de l&rsquo;audition, m\u00e9connue, peut rendre plus difficile l&rsquo;apprentissage scolaire ou l&rsquo;assimilation du langage. L&rsquo;audition doit \u00eatre contr\u00f4l\u00e9e et suivie si apparitions de troubles<\/li>\n<li>une diminution de l&rsquo;acuit\u00e9 visuelle, fr\u00e9quente, peut aussi retentir sur l&rsquo;apprentissage scolaire si elle n&rsquo;est pas d\u00e9pist\u00e9e et corrig\u00e9e \u00e0 temps. Un suivi trop r\u00e9gulier en milieu m\u00e9dical et une certaine surprotection de la part des parents peuvent, chez certains enfants, entra\u00eener un retentissement psychologique n\u00e9faste<\/li>\n<\/ul>\n<p>C&rsquo;est pourquoi il peut \u00eatre utile, dans certains cas, d&rsquo;apporter \u00e0 ces enfants un soutien psychologique par un psychologue pour am\u00e9liorer leurs performances, si le besoin s&rsquo;en fait sentir.<\/p>\n<h3>Doit-on pr\u00e9venir le personnel scolaire, les coll\u00e8gues&#8230; ?<\/h3>\n<p>On peut dire que, de nos jours, les r\u00e9actions par rapport au syndrome de Turner ont beaucoup \u00e9volu\u00e9es, au fur et \u00e0 mesure que les connaissances en g\u00e9n\u00e9tique et maladies rares se sont r\u00e9pandues. Aujourd&rsquo;hui, une jeune fille Turner qui met son entourage professionnel, scolaire, ou ses amis au courant ne risque que tr\u00e8s rarement vexations, discriminations ou autres.<\/p>\n<p>N\u00e9anmoins, mieux vaut rester prudent, et la jeune fille Turner ne doit en aucun cas se sentir oblig\u00e9e d&rsquo;en parler. Le syndrome reste une question personnelle qui n&rsquo;a pas forc\u00e9ment \u00e0 \u00eatre connues de tous. Si jamais il y avait d\u00e9sir et besoin d&rsquo;en parler, il faut dans ce cas inviter la jeune fille \u00e0 le faire avec une personne en qui elle a confiance, et d&rsquo;apr\u00e8s une initiative personnelle.<\/p>\n<h3>Aura-t-elle une vie normale ?<\/h3>\n<p>Nous avons vu, ci-dessus, que les jeunes filles Turner avaient un d\u00e9veloppement intellectuel, et donc professionnel, normal, qu&rsquo;elles pouvaient mener une vie conjugale normale, avoir des enfants dans certaines conditions. Que demander d&rsquo;autre comme preuves d&rsquo;une vie normale ?<\/p>\n<p>C&rsquo;est pourquoi il n&rsquo;est pas possible actuellement de consid\u00e9rer le syndrome de Turner comme une maladie, mais tout au plus comme une particularit\u00e9 ! La soci\u00e9t\u00e9 humaine n&rsquo;est-elle pas faite de particularit\u00e9s ?<\/p>\n<h2>Pubert\u00e9 et f\u00e9minisation<\/h2>\n<h3>Que se passe-t-il \u00e0 la pubert\u00e9 ?<\/h3>\n<p>Il n&rsquo;existe aucune anomalie de l&rsquo;identification f\u00e9minine et les organes g\u00e9nitaux f\u00e9minins sont normalement pr\u00e9sents. Les ovaires sont \u00e9galement pr\u00e9sents, mais leur d\u00e9veloppement est le plus souvent modifi\u00e9 sous forme de bandelettes, du fait de l&rsquo;absence ou de la pr\u00e9sence alt\u00e9r\u00e9e du 2\u00e8me X.<\/p>\n<p>Dans les 3\/4 des cas, est constat\u00e9e une \u00ab\u00a0dysg\u00e9n\u00e9sie gonadique\u00a0\u00bb, qui rend impossible une pubert\u00e9 spontan\u00e9e.<\/p>\n<p>Il est alors possible d&rsquo;obtenir une pubert\u00e9 d&rsquo;apparence normale sous traitement par les \u0153strog\u00e8nes, puis lors de l&rsquo;apparition des r\u00e8gles, au bout d&rsquo;un an en moyenne, il est donn\u00e9 de la progest\u00e9rone. Cette pubert\u00e9 s&rsquo;accompagne du d\u00e9veloppement des seins, de la pilosit\u00e9, de l&rsquo;ut\u00e9rus et de r\u00e8gles gr\u00e2ce au traitement.<\/p>\n<p>Dans 1\/4 des cas, la pubert\u00e9 peut commencer de fa\u00e7on spontan\u00e9e, puis la fonction ovarienne dispara\u00eet, souvent d\u00e8s l&rsquo;\u00e2ge de 18 ans, et au plus tard \u00e0 35 ans.<\/p>\n<p>Des grossesses spontan\u00e9es sont parfois possible dans le cas de mosa\u00efques, ce qui explique que le diagnostic puisse \u00eatre fait de fa\u00e7on tardive, \u00e0 l&rsquo;\u00e2ge adulte. Ces grossesses n\u00e9cessitent, lorsque le diagnostic est connu, une surveillance particuli\u00e8re.<\/p>\n<h3>La jeune fille pourra-t-elle avoir des enfants ?<\/h3>\n<p>Une jeune femme ayant le syndrome a une vie sexuelle et intime tout \u00e0 fait normale. Les organes g\u00e9nitaux internes sont normaux et les r\u00e8gles sont entretenues par le traitement oestroprogestatif.<\/p>\n<p>Une grossesse est possible, mais tr\u00e8s g\u00e9n\u00e9ralement dans le cadre d&rsquo;une procr\u00e9ation m\u00e9dicalement assist\u00e9e, en recourant \u00e0 un don d&rsquo;ovocyte. L&rsquo;enfant est alors port\u00e9 normalement pendant 9 mois. Les r\u00e9sultats actuels sont tr\u00e8s encourageants.<\/p>\n<p>Il faut toutefois savoir qu&rsquo;il s&rsquo;agit d&rsquo;une grossesse un peu d\u00e9licate, dont le taux de r\u00e9ussite est de 20%, mais n&rsquo;est pas diff\u00e9rent du taux obtenu chez un couple trait\u00e9 pour une autre cause de st\u00e9rilit\u00e9.<\/p>\n<p>Il est simplement conseill\u00e9 \u00e0 tout couple dont la femme a le syndrome de consulter une \u00e9quipe comp\u00e9tente et pluridisciplinaire.<\/p>\n<p>L&rsquo;adoption est \u00e9galement une voie possible pour devenir parent.<\/p>\n<h2>Taille, traitement<\/h2>\n<h3>Quelle taille aura ma fille \u00e0 l&rsquo;\u00e2ge adulte sans ou avec traitement ?<\/h3>\n<p>En l&rsquo;absence de traitement, les jeunes femmes Turner fran\u00e7aises ont en moyenne une taille de 1,43 m. N\u00e9anmoins, des variations importantes existent, li\u00e9es :<\/p>\n<ul>\n<li>\u00e0 l&rsquo;importance du retard de croissance \u00e0 la naissance (la taille peut varier entre 43 et 50 cm),<\/li>\n<li>\u00e0 la taille des parents : la taille d&rsquo;une jeune femme Turner peut \u00eatre petite si les parents sont petits, et plus grande si les parents sont grands. Sans traitement, la moyenne est de 1 m 42 en France.<\/li>\n<\/ul>\n<p>Avec traitement par l&rsquo;hormone de croissance, il n&rsquo;est pas encore possible de disposer de donn\u00e9es statistiques pr\u00e9cises, compte-tenu du faible recul des premiers traitements.<\/p>\n<p>Toutefois, l&rsquo;on sait que la moyenne des tailles finales est augment\u00e9e, et qu&rsquo;elle devrait se situer aux environs de 1,48 m. Il est permis d&rsquo;esp\u00e9rer, avec des fillettes trait\u00e9es aujourd&rsquo;hui suffisamment t\u00f4t et \u00e0 des doses adapt\u00e9es, de d\u00e9passer les 1,50m et m\u00eame d&rsquo;atteindre la taille cible, c&rsquo;est \u00e0 dire la taille que la jeune fille aurait eue sans syndrome.<\/p>\n<h3>Quelle est la nature de l&rsquo;hormone de croissance ?<\/h3>\n<p>La GH est une prot\u00e9ine, elle est d\u00e9natur\u00e9e par la chaleur, elle perd son efficacit\u00e9 \u00e0 temp\u00e9rature ambiante. Elle devra \u00eatre conserv\u00e9e au frais, notamment durant les d\u00e9placement et les voyages<\/p>\n<h3>Combien de temps durera le traitement par l&rsquo;hormone de croissance ?<\/h3>\n<p>Le traitement par l&rsquo;hormone de croissance durera aussi longtemps qu&rsquo;il sera efficace (mais ne d\u00e9passe pas l&rsquo;\u00e2ge de 18 ans), l&rsquo;efficacit\u00e9 \u00e9tant jug\u00e9e sur la maturation osseuse et sur une progression de la taille au moins \u00e9gale \u00e0 2,5 cm l&rsquo;ann\u00e9e pr\u00e9c\u00e9dente.<\/p>\n<p>Le traitement est arr\u00eat\u00e9 lorsque la maturation osseuse, c&rsquo;est-\u00e0-dire le degr\u00e9 de soudure des cartilages de conjugaison, montre que ces derniers sont en voie de soudure compl\u00e8te, et ne peuvent donc plus r\u00e9agir \u00e0 la stimulation par l&rsquo;hormone de croissance.<\/p>\n<p>Cette soudure correspond \u00e0 un \u00e2ge osseux de 13 1\/2 \u00e0 14 ans, et \u00e0 un \u00e2ge chronologique plus \u00e9lev\u00e9 (16 ans, voire plus).<\/p>\n<h3>Quels sont les cons\u00e9quences d&rsquo;une interruption du traitement par hormone de croissance ?<\/h3>\n<p>Le traitement n&rsquo;est efficace que s&rsquo;il est r\u00e9gulier sur un longue p\u00e9riode. Une interruption n&rsquo;est pas recommand\u00e9e.<\/p>\n<p>Seules des absences ponctuelles de traitement, en cas d&rsquo;oubli ou d&rsquo;impossibilit\u00e9, sont sans grandes cons\u00e9quences; mais ils sont \u00e0 \u00e9viter dans la mesure du possible. Dans tous les cas, veillez \u00e0 effectuer le traitement ou \u00e0 rattraper les injections non effectu\u00e9es.<\/p>\n<h3>Le traitement comporte-t-il des risques ?<\/h3>\n<p>Un traitement bien suivi et une bonne surveillance par un m\u00e9decin sp\u00e9cialiste permettront de d\u00e9tecter tout incident \u00e9ventuel. Ceux-ci ne sont pas fr\u00e9quents, mais peuvent affecter :<\/p>\n<ul>\n<li>le m\u00e9tabolisme du sucre : l&rsquo;hormone de croissance tend \u00e0 accro\u00eetre la glyc\u00e9mie (le taux de sucre dans le sang) ; l&rsquo;organisme est toutefois apte \u00e0 r\u00e9agir et \u00e0 maintenir une glyc\u00e9mie normale. Seule une surveillance r\u00e9guli\u00e8re est recommand\u00e9e.<\/li>\n<li>la tension art\u00e9rielle doit \u00e9galement faire l&rsquo;objet d&rsquo;une surveillance trimestrielle.<\/li>\n<li>le d\u00e9veloppement important de certains \u00ab\u00a0grains de beaut\u00e9\u00a0\u00bb doit entra\u00eener une surveillance r\u00e9guli\u00e8re par un dermatologue.<\/li>\n<li>la vigilance est de rigueur chez les enfants ayant eu des convulsions, soit \u00e0 l&rsquo;occasion d&rsquo;une forte fi\u00e8vre, soit dans le cadre d&rsquo;une \u00e9pilepsie, bien que le risque soit extr\u00eamement faible.<\/li>\n<li>la fonction h\u00e9patique (cholest\u00e9rol)<\/li>\n<li>les articulations (genoux et hanches)<\/li>\n<li>en ORL, se m\u00e9fier des otites s\u00e9reuses qui \u00e9voluent \u00e0 bas bruit et entra\u00eenent progressivement une perte de l&rsquo;audition. Une visite chez un ORL peut \u00eatre n\u00e9cessaire une fois par an.<\/li>\n<\/ul>\n<p>Enfin, il est important de souligner que les risques \u00e9ventuels de transmission virale qui avaient \u00e9t\u00e9 rapport\u00e9s avec l&rsquo;hormone extractive d&rsquo;origine humaine utilis\u00e9e jusqu&rsquo;en 1985, sont totalement inexistants avec l&rsquo;hormone de croissance exclusivement biosynth\u00e9tique dont nous disposons aujourd&rsquo;hui.<\/p>\n<h3>Est-ce que les autres peuvent s&rsquo;apercevoir de \u00ab\u00a0son anomalie\u00a0\u00bb ?<\/h3>\n<p>Le traitement par hormone de croissance, en augmentant la taille moyenne des jeunes filles Turner, entra\u00eene une am\u00e9lioration morphologique. Toutefois, s&rsquo;il existe une dysmorphie faciale (anomalies de la face), elle persiste.<\/p>\n<p>Il faut n\u00e9anmoins savoir que 50% des jeunes femmes Turner ne sont pas dysmorphiques. Seules 30% des jeunes femmes Turner ont finalement un physique qui fait suspecter l&rsquo;existence d&rsquo;une anomalie.<\/p>\n<p><!-- FIN_CONTENU --><\/p>\n","protected":false},"excerpt":{"rendered":"<p>Qu&rsquo;est-ce que le syndrome de Turner ? Le syndrome de Turner est une anomalie chromosomique portant sur l&rsquo;un des deux chromosomes sexuels. Au lieu de poss\u00e9der la r\u00e9partition normale des &hellip; <a href=\"https:\/\/www.agat-turner.org\/?page_id=80\" class=\"more-link\">Continuer la lecture<span class=\"screen-reader-text\"> de &laquo;&nbsp;Questions et r\u00e9ponses&nbsp;&raquo;<\/span><\/a><\/p>\n","protected":false},"author":1,"featured_media":0,"parent":29,"menu_order":0,"comment_status":"closed","ping_status":"closed","template":"","meta":{"footnotes":""},"class_list":["post-80","page","type-page","status-publish","hentry"],"_links":{"self":[{"href":"https:\/\/www.agat-turner.org\/index.php?rest_route=\/wp\/v2\/pages\/80","targetHints":{"allow":["GET"]}}],"collection":[{"href":"https:\/\/www.agat-turner.org\/index.php?rest_route=\/wp\/v2\/pages"}],"about":[{"href":"https:\/\/www.agat-turner.org\/index.php?rest_route=\/wp\/v2\/types\/page"}],"author":[{"embeddable":true,"href":"https:\/\/www.agat-turner.org\/index.php?rest_route=\/wp\/v2\/users\/1"}],"replies":[{"embeddable":true,"href":"https:\/\/www.agat-turner.org\/index.php?rest_route=%2Fwp%2Fv2%2Fcomments&post=80"}],"version-history":[{"count":11,"href":"https:\/\/www.agat-turner.org\/index.php?rest_route=\/wp\/v2\/pages\/80\/revisions"}],"predecessor-version":[{"id":859,"href":"https:\/\/www.agat-turner.org\/index.php?rest_route=\/wp\/v2\/pages\/80\/revisions\/859"}],"up":[{"embeddable":true,"href":"https:\/\/www.agat-turner.org\/index.php?rest_route=\/wp\/v2\/pages\/29"}],"wp:attachment":[{"href":"https:\/\/www.agat-turner.org\/index.php?rest_route=%2Fwp%2Fv2%2Fmedia&parent=80"}],"curies":[{"name":"wp","href":"https:\/\/api.w.org\/{rel}","templated":true}]}}