{"id":55,"date":"2016-09-15T13:43:03","date_gmt":"2016-09-15T11:43:03","guid":{"rendered":"http:\/\/ns328511.ip-37-187-114.eu\/agatwp\/?page_id=55"},"modified":"2017-02-18T14:03:17","modified_gmt":"2017-02-18T13:03:17","slug":"information-legales","status":"publish","type":"page","link":"https:\/\/www.agat-turner.org\/?page_id=55","title":{"rendered":"Informations l\u00e9gales"},"content":{"rendered":"<p>L&rsquo;association tient \u00e0 rappeler que :<\/p>\n<ul>\n<li>Aucune page ne peut \u00eatre pr\u00e9sent\u00e9e comme provenant de ce site si des transformations en modifiant le sens y ont \u00e9t\u00e9 apport\u00e9es.<\/li>\n<li>Aucune autorisation n&rsquo;est requise pour placer un lien hypertexte vers notre site, sur la page d&rsquo;accueil ou une page int\u00e9rieure. Nous essayons, autant que faire se peut, de maintenir des adresses URL de page stables. Toutefois, ce site pouvant faire \u00e0 tout moment l&rsquo;objet de r\u00e9organisations, l&rsquo;Association ne garantit pas la stabilit\u00e9 de l&rsquo;adresse des pages internes du site.<\/li>\n<li>La pr\u00e9sence de liens hypertexte vers d&rsquo;autres sites web n&rsquo;engage pas AGAT quant au contenu de ces sites.<\/li>\n<li>Les utilisateurs sont responsables des interrogations qu&rsquo;ils formulent ainsi que de l&rsquo;interpr\u00e9tation et de l&rsquo;utilisation qu&rsquo;ils font des r\u00e9sultats. Il leur appartient d&rsquo;en faire un usage conforme aux r\u00e9glementations en vigueur et aux recommandations de la Commission nationale de l&rsquo;informatique et des libert\u00e9s (CNIL) lorsque des donn\u00e9es ont un caract\u00e8re nominatif (loi n\u00b0 78.17 du 6 janvier 1978, relative \u00e0 l&rsquo;informatique, aux fichiers et aux libert\u00e9s dite loi informatique et libert\u00e9s).<\/li>\n<li>Les informations utilis\u00e9es ne doivent l&rsquo;\u00eatre qu&rsquo;\u00e0 des fins personnelles, associatives ou professionnelles ; toutes diffusions ou utilisations \u00e0 des fins commerciales ou publicitaires \u00e9tant exclues.<\/li>\n<\/ul>\n","protected":false},"excerpt":{"rendered":"<p>L&rsquo;association tient \u00e0 rappeler que : Aucune page ne peut \u00eatre pr\u00e9sent\u00e9e comme provenant de ce site si des transformations en modifiant le sens y ont \u00e9t\u00e9 apport\u00e9es. Aucune autorisation &hellip; <a href=\"https:\/\/www.agat-turner.org\/?page_id=55\" class=\"more-link\">Continuer la lecture<span class=\"screen-reader-text\"> de &laquo;&nbsp;Informations l\u00e9gales&nbsp;&raquo;<\/span><\/a><\/p>\n","protected":false},"author":1,"featured_media":0,"parent":42,"menu_order":60,"comment_status":"closed","ping_status":"closed","template":"","meta":{"footnotes":""},"class_list":["post-55","page","type-page","status-publish","hentry"],"_links":{"self":[{"href":"https:\/\/www.agat-turner.org\/index.php?rest_route=\/wp\/v2\/pages\/55","targetHints":{"allow":["GET"]}}],"collection":[{"href":"https:\/\/www.agat-turner.org\/index.php?rest_route=\/wp\/v2\/pages"}],"about":[{"href":"https:\/\/www.agat-turner.org\/index.php?rest_route=\/wp\/v2\/types\/page"}],"author":[{"embeddable":true,"href":"https:\/\/www.agat-turner.org\/index.php?rest_route=\/wp\/v2\/users\/1"}],"replies":[{"embeddable":true,"href":"https:\/\/www.agat-turner.org\/index.php?rest_route=%2Fwp%2Fv2%2Fcomments&post=55"}],"version-history":[{"count":7,"href":"https:\/\/www.agat-turner.org\/index.php?rest_route=\/wp\/v2\/pages\/55\/revisions"}],"predecessor-version":[{"id":404,"href":"https:\/\/www.agat-turner.org\/index.php?rest_route=\/wp\/v2\/pages\/55\/revisions\/404"}],"up":[{"embeddable":true,"href":"https:\/\/www.agat-turner.org\/index.php?rest_route=\/wp\/v2\/pages\/42"}],"wp:attachment":[{"href":"https:\/\/www.agat-turner.org\/index.php?rest_route=%2Fwp%2Fv2%2Fmedia&parent=55"}],"curies":[{"name":"wp","href":"https:\/\/api.w.org\/{rel}","templated":true}]}}