{"id":53,"date":"2016-09-15T13:28:56","date_gmt":"2016-09-15T11:28:56","guid":{"rendered":"http:\/\/ns328511.ip-37-187-114.eu\/agatwp\/?page_id=53"},"modified":"2024-03-24T16:17:21","modified_gmt":"2024-03-24T15:17:21","slug":"agat-dans-nos-regions","status":"publish","type":"page","link":"https:\/\/www.agat-turner.org\/?page_id=53","title":{"rendered":"AGAT dans vos r\u00e9gions"},"content":{"rendered":"<h4>Vous trouverez ci-dessous les coordonn\u00e9es de nos d\u00e9l\u00e9gu\u00e9s\u00a0dans les diff\u00e9rentes r\u00e9gions fran\u00e7aises<\/h4>\n<p>Quel est le r\u00f4le des d\u00e9l\u00e9gu\u00e9s r\u00e9gionaux ?<\/p>\n<ul>\n<li>Les d\u00e9l\u00e9gu\u00e9s r\u00e9gionaux sont l<strong>e lien entre AGAT et les adh\u00e9rents de leurs r\u00e9gions<\/strong> &#8211; ils accueillent les nouveaux adh\u00e9rents, organisent r\u00e9guli\u00e8rement des r\u00e9unions m\u00e9dicales ou amicales, maintiennent le lien entre les adh\u00e9rents<\/li>\n<li>Les d\u00e9l\u00e9gu\u00e9s r\u00e9gionaux font le<strong>\u00a0lien avec les acteurs de leur r\u00e9gions<\/strong> : \u00e9quipes m\u00e9dicales, fili\u00e8res maladies rares, repr\u00e9sentants locaux d&rsquo;Alliance maladies rares..<\/li>\n<li>Les d\u00e9l\u00e9gu\u00e9s r\u00e9gionaux sont le r<strong>elais des actions de l&rsquo;association au niveau local.<\/strong><\/li>\n<\/ul>\n<p><em>MAJ Mars 2024<\/em><\/p>\n<table style=\"width: 100%;\" border=\"0\" align=\"center\">\n<tbody>\n<tr>\n<td style=\"width: 100%;\" colspan=\"2\">\n<h2>Hauts de France<\/h2>\n<\/td>\n<\/tr>\n<tr>\n<td style=\"width: 70%;\">Vacant<\/td>\n<td style=\"width: 30%;\">02 Aisne<br \/>\n59 Nord<br \/>\n60 Oise<br \/>\n62 Pas de Calais<br \/>\n80 Somme<\/td>\n<\/tr>\n<\/tbody>\n<\/table>\n<table style=\"width: 100%;\" border=\"1\" align=\"center\">\n<tbody>\n<tr>\n<td style=\"width: 100%;\" colspan=\"2\">\n<h2>Grand Est<\/h2>\n<\/td>\n<\/tr>\n<tr>\n<td style=\"width: 70%;\"><strong>Mr Cedric\u00a0BRUNEAU<\/strong><br \/>\ncedbruneau(@)yahoo.fr<\/td>\n<td style=\"width: 30%;\">08 Ardennes<br \/>\n10 Aube<br \/>\n51 Marne<br \/>\n52 Haute-Marne<br \/>\n54 Meurthe-et-Moselle<br \/>\n55 Meuse<br \/>\n57 Moselle<br \/>\n67 Bas-Rhin<br \/>\n68 Haut-Rhin<br \/>\n88 Vosges<\/td>\n<\/tr>\n<\/tbody>\n<\/table>\n<table style=\"width: 100%;\" border=\"1\" align=\"center\">\n<tbody>\n<tr>\n<td style=\"width: 100%;\" colspan=\"2\">\n<h2>Ile-de-France<\/h2>\n<\/td>\n<\/tr>\n<tr>\n<td style=\"width: 70%;\"><strong>Mme Catherine Philippe<\/strong><br \/>\nphilippe-catherine[@]orange.fr<br \/>\n06 75 79 72 11<\/td>\n<td style=\"width: 30%;\">75 Paris<br \/>\n78 Yvelines<br \/>\n92 Hauts de Seine<br \/>\n95 Val d&rsquo;Oise<br \/>\n77 Seine et Marne<br \/>\n91 Essone<br \/>\n93 Seine Saint Denis<br \/>\n94 Val de Marne<\/td>\n<\/tr>\n<\/tbody>\n<\/table>\n<table style=\"width: 100%;\" border=\"1\" align=\"center\">\n<tbody>\n<tr>\n<td style=\"width: 100%;\" colspan=\"2\">\n<h2>Rh\u00f4ne-Alpes, Bourgogne, Franche Comt\u00e9<\/h2>\n<\/td>\n<\/tr>\n<tr>\n<td style=\"width: 70%;\"><b>Melle OUVRIER BUFFET Lucie<br \/>\n<\/b>06 17 02 52 39<br \/>\nlucie.ouvrierbuffet[@]gmail.com<\/p>\n<p>Mme LAPLANCHE Chistine<br \/>\n06 30 21 37 46<br \/>\nc-laplanche[@]orange.fr<\/td>\n<td style=\"width: 30%;\" width=\"35%\">01 Ain<br \/>\n07 Ard\u00e8che<br \/>\n21 C\u00f4te-d&rsquo;Or<br \/>\n25 Doubs<br \/>\n26 Dr\u00f4me<br \/>\n38 Is\u00e8re<br \/>\n39 Jura<br \/>\n42 Loire<br \/>\n58 Ni\u00e8vre<br \/>\n69 Rh\u00f4ne<br \/>\n70 Haute-Sa\u00f4ne<br \/>\n71 Sa\u00f4ne-et-Loire<br \/>\n73 Savoie<br \/>\n74 Haute-Savoie<br \/>\n89 Yonne<br \/>\n90 Territoire de Belfort<\/td>\n<\/tr>\n<\/tbody>\n<\/table>\n<table style=\"width: 100%;\" border=\"1\" align=\"center\">\n<tbody>\n<tr>\n<td style=\"width: 100%;\" colspan=\"2\">\n<h2>Bretagne et Pays de la Loire<\/h2>\n<\/td>\n<\/tr>\n<tr>\n<td style=\"width: 70%;\"><strong>Mme Claudie\u00a0M\u00c9NARD<\/strong><br \/>\n<span style=\"font-family: inherit;\">06 84 78 17 23<\/span><strong>Mlle Gw\u00ebnola DEBOIS<br \/>\n<\/strong>06 30 09 69 07<\/td>\n<td style=\"width: 30%;\" width=\"35%\">22 C\u00f4tes-d&rsquo;Armor<br \/>\n29 Finist\u00e8re<br \/>\n35 Ille-et-Vilaine<br \/>\n44 Loire-Atlantique<br \/>\n49 Maine-et-Loire<br \/>\n53 Mayenne<br \/>\n56 Morbihan<br \/>\n72 Sarthe<br \/>\n85 Vend\u00e9e<\/td>\n<\/tr>\n<\/tbody>\n<\/table>\n<table style=\"width: 100%;\" border=\"0\" align=\"center\">\n<tbody>\n<tr>\n<td colspan=\"2\">\n<h2>Normandie, Centre Val de Loire<\/h2>\n<\/td>\n<\/tr>\n<tr>\n<td style=\"width: 70%;\"><strong>Mme \u00a0Laurence\u00a0BARRE<\/strong><br \/>\n<span style=\"font-family: inherit;\">agat-normandie.barre(@)laposte.net<br \/>\n<\/span>02 38 91 49 55<\/td>\n<td style=\"width: 30%;\" width=\"35%\">14 Calvados<br \/>\n18 Cher<br \/>\n27 Eure<br \/>\n28 Eure-et-Loir<br \/>\n36 Indre<br \/>\n37 Indre-et-Loire<br \/>\n41 Loir-et-Cher<br \/>\n45 Loiret<br \/>\n50 Manche<br \/>\n61 Orne<br \/>\n76 Seine-Maritime<\/td>\n<\/tr>\n<\/tbody>\n<\/table>\n<table style=\"width: 100%;\" border=\"1\" align=\"center\">\n<tbody>\n<tr>\n<td style=\"width: 100%;\" colspan=\"2\">\n<h2>Aquitaine, Poitou-Charente<\/h2>\n<\/td>\n<\/tr>\n<tr>\n<td style=\"width: 70%;\"><strong>Mlle Claire\u00a0BERNARDIN<\/strong><br \/>\nbernardin.claire(@)wanadoo.fr<br \/>\n05 46 83 89 08<\/td>\n<td style=\"width: 30%;\" width=\"35%\">16 Charente<br \/>\n17 Charente-Marit\u00eeme<br \/>\n24 Dordogne<br \/>\n33 Gironde<br \/>\n40 Landes<br \/>\n47 Lot-et-Garonne<br \/>\n64 Pyr\u00e9nn\u00e9s-Atlantique<br \/>\n79 Deux-S\u00e8vres<br \/>\n86 Vienne<\/td>\n<\/tr>\n<\/tbody>\n<\/table>\n<table style=\"width: 100%;\" border=\"1\" align=\"center\">\n<tbody>\n<tr>\n<td style=\"width: 100%;\" colspan=\"2\">\n<h2>Limousin, Auvergne<\/h2>\n<\/td>\n<\/tr>\n<tr>\n<td style=\"width: 70%;\"><strong>VACANT<\/strong><\/td>\n<td style=\"width: 30%;\" width=\"35%\">03 Allier<br \/>\n15 Cantal<br \/>\n19 Corr\u00e8ze<br \/>\n23 Creuse<br \/>\n43 Haute-Loire<br \/>\n63 Puy-de-Dome<br \/>\n87 Haute-Vienne<\/td>\n<\/tr>\n<\/tbody>\n<\/table>\n<table style=\"width: 100%;\" border=\"0\" align=\"center\">\n<tbody>\n<tr>\n<td colspan=\"2\">\n<h2>Occitanie \/ Pyr\u00e9n\u00e9es-M\u00e9diterran\u00e9e<\/h2>\n<\/td>\n<\/tr>\n<tr>\n<td style=\"width: 70%;\"><strong>Mme Danielle MARTIN<\/strong><br \/>\n06 79 24 52 04<br \/>\nd.zanuttomartin(@)gmail.com<strong>Mme\u00a0Maryse\u00a0BERAUD<\/strong><br \/>\n<span style=\"font-family: inherit;\">beraud.maryse(@)wanadoo.fr<br \/>\n<\/span>05 61 52 36 19<\/td>\n<td style=\"width: 30%;\" width=\"35%\">09 Ari\u00e8ge<br \/>\n11 Aude<br \/>\n12 Aveyron<br \/>\n30 Gard<br \/>\n31 Haute-Garonne<br \/>\n32 Gers<br \/>\n34 H\u00e9rault<br \/>\n46 Lot<br \/>\n48 Loz\u00e8re<br \/>\n65 Hautes-Pyr\u00e9n\u00e9es<br \/>\n66 Pyr\u00e9n\u00e9es-Orientales<br \/>\n81 Tarn<br \/>\n82 Tarn-et-Garonne<\/td>\n<\/tr>\n<\/tbody>\n<\/table>\n<table border=\"1\" align=\"center\">\n<tbody>\n<tr style=\"height: 63px;\">\n<td style=\"height: 63px; width: 70%;\" colspan=\"2\">\n<h2>Provence Alpes C\u00f4te d&rsquo;Azur<\/h2>\n<\/td>\n<\/tr>\n<tr style=\"height: 196px;\">\n<td style=\"width: 70%;\"><strong>Mme Anne Lise MORICONI<\/strong><br \/>\nannelise.moriconi(@)sfr.fr<br \/>\n06 61 58 94 50<\/td>\n<td style=\"height: 196px; width: 30%;\" width=\"35%\">04 Alpes-de-Haute-Provence<br \/>\n05 Hautes-Alpes<br \/>\n06 Alpes-Marit\u00eemes<br \/>\n13 Bouches-du-Rh\u00f4ne<br \/>\n2A \/ B Corse<br \/>\n83 Var<br \/>\n84 Vaucluse<\/td>\n<\/tr>\n<\/tbody>\n<\/table>\n","protected":false},"excerpt":{"rendered":"<p>Vous trouverez ci-dessous les coordonn\u00e9es de nos d\u00e9l\u00e9gu\u00e9s\u00a0dans les diff\u00e9rentes r\u00e9gions fran\u00e7aises Quel est le r\u00f4le des d\u00e9l\u00e9gu\u00e9s r\u00e9gionaux ? Les d\u00e9l\u00e9gu\u00e9s r\u00e9gionaux sont le lien entre AGAT et les &hellip; <a href=\"https:\/\/www.agat-turner.org\/?page_id=53\" class=\"more-link\">Continuer la lecture<span class=\"screen-reader-text\"> de &laquo;&nbsp;AGAT dans vos r\u00e9gions&nbsp;&raquo;<\/span><\/a><\/p>\n","protected":false},"author":1,"featured_media":0,"parent":32,"menu_order":10,"comment_status":"closed","ping_status":"closed","template":"","meta":{"footnotes":""},"class_list":["post-53","page","type-page","status-publish","hentry"],"_links":{"self":[{"href":"https:\/\/www.agat-turner.org\/index.php?rest_route=\/wp\/v2\/pages\/53","targetHints":{"allow":["GET"]}}],"collection":[{"href":"https:\/\/www.agat-turner.org\/index.php?rest_route=\/wp\/v2\/pages"}],"about":[{"href":"https:\/\/www.agat-turner.org\/index.php?rest_route=\/wp\/v2\/types\/page"}],"author":[{"embeddable":true,"href":"https:\/\/www.agat-turner.org\/index.php?rest_route=\/wp\/v2\/users\/1"}],"replies":[{"embeddable":true,"href":"https:\/\/www.agat-turner.org\/index.php?rest_route=%2Fwp%2Fv2%2Fcomments&post=53"}],"version-history":[{"count":59,"href":"https:\/\/www.agat-turner.org\/index.php?rest_route=\/wp\/v2\/pages\/53\/revisions"}],"predecessor-version":[{"id":1118,"href":"https:\/\/www.agat-turner.org\/index.php?rest_route=\/wp\/v2\/pages\/53\/revisions\/1118"}],"up":[{"embeddable":true,"href":"https:\/\/www.agat-turner.org\/index.php?rest_route=\/wp\/v2\/pages\/32"}],"wp:attachment":[{"href":"https:\/\/www.agat-turner.org\/index.php?rest_route=%2Fwp%2Fv2%2Fmedia&parent=53"}],"curies":[{"name":"wp","href":"https:\/\/api.w.org\/{rel}","templated":true}]}}