{"id":51,"date":"2016-09-15T13:26:02","date_gmt":"2016-09-15T11:26:02","guid":{"rendered":"http:\/\/ns328511.ip-37-187-114.eu\/agatwp\/?page_id=51"},"modified":"2021-04-22T23:10:47","modified_gmt":"2021-04-22T21:10:47","slug":"equipe-web","status":"publish","type":"page","link":"https:\/\/www.agat-turner.org\/?page_id=51","title":{"rendered":"\u00c9quipe web"},"content":{"rendered":"<p>L&rsquo;\u00e9quipe Web AGAT (Charlotte &amp; Catherine)\u00a0est \u00e0 votre \u00e9coute pour toute demande relative au site (acc\u00e8s, mot de passe..)<\/p>\n<p>Vous pouvez nous contacter \u00e0 l&rsquo;adresse :<br \/>\ncharlotte.vivien[@]agat-turner.org<br \/>\ncatherine.hurbain[@]agat-turner.org<\/p>\n<hr \/>\n<p>Merci \u00e0 Marc BARET, Patrick BREZILLON pour soutien sur le site lors de son lancement<br \/>\nMerci \u00e0 ACTIMAGE de nous avoir h\u00e9berg\u00e9 pendant plusieurs ann\u00e9es gracieusement.<br \/>\nMerci \u00e0 Orphanet de nous avoir h\u00e9berg\u00e9 pendant plusieurs ann\u00e9es gracieusement.<\/p>\n<p>Site r\u00e9alis\u00e9 aujourd&rsquo;hui avec WordPress et h\u00e9berg\u00e9 par OVH<\/p>\n","protected":false},"excerpt":{"rendered":"<p>L&rsquo;\u00e9quipe Web AGAT (Charlotte &amp; Catherine)\u00a0est \u00e0 votre \u00e9coute pour toute demande relative au site (acc\u00e8s, mot de passe..) Vous pouvez nous contacter \u00e0 l&rsquo;adresse : charlotte.vivien[@]agat-turner.org catherine.hurbain[@]agat-turner.org Merci \u00e0 &hellip; <a href=\"https:\/\/www.agat-turner.org\/?page_id=51\" class=\"more-link\">Continuer la lecture<span class=\"screen-reader-text\"> de &laquo;&nbsp;\u00c9quipe web&nbsp;&raquo;<\/span><\/a><\/p>\n","protected":false},"author":1,"featured_media":0,"parent":32,"menu_order":25,"comment_status":"closed","ping_status":"closed","template":"","meta":{"footnotes":""},"class_list":["post-51","page","type-page","status-publish","hentry"],"_links":{"self":[{"href":"https:\/\/www.agat-turner.org\/index.php?rest_route=\/wp\/v2\/pages\/51","targetHints":{"allow":["GET"]}}],"collection":[{"href":"https:\/\/www.agat-turner.org\/index.php?rest_route=\/wp\/v2\/pages"}],"about":[{"href":"https:\/\/www.agat-turner.org\/index.php?rest_route=\/wp\/v2\/types\/page"}],"author":[{"embeddable":true,"href":"https:\/\/www.agat-turner.org\/index.php?rest_route=\/wp\/v2\/users\/1"}],"replies":[{"embeddable":true,"href":"https:\/\/www.agat-turner.org\/index.php?rest_route=%2Fwp%2Fv2%2Fcomments&post=51"}],"version-history":[{"count":10,"href":"https:\/\/www.agat-turner.org\/index.php?rest_route=\/wp\/v2\/pages\/51\/revisions"}],"predecessor-version":[{"id":699,"href":"https:\/\/www.agat-turner.org\/index.php?rest_route=\/wp\/v2\/pages\/51\/revisions\/699"}],"up":[{"embeddable":true,"href":"https:\/\/www.agat-turner.org\/index.php?rest_route=\/wp\/v2\/pages\/32"}],"wp:attachment":[{"href":"https:\/\/www.agat-turner.org\/index.php?rest_route=%2Fwp%2Fv2%2Fmedia&parent=51"}],"curies":[{"name":"wp","href":"https:\/\/api.w.org\/{rel}","templated":true}]}}