{"id":46,"date":"2016-09-15T12:42:45","date_gmt":"2016-09-15T10:42:45","guid":{"rendered":"http:\/\/ns328511.ip-37-187-114.eu\/agatwp\/?page_id=46"},"modified":"2022-04-04T11:54:30","modified_gmt":"2022-04-04T09:54:30","slug":"buts-dagat","status":"publish","type":"page","link":"https:\/\/www.agat-turner.org\/?page_id=46","title":{"rendered":"Les statuts d&rsquo;AGAT"},"content":{"rendered":"<h2 align=\"justify\"><span style=\"color: #339966;\"><strong>Cr\u00e9\u00e9 \u00e0 l&rsquo;initiative d&rsquo;un groupe de parents, l&rsquo;association AGAT a pour buts :<\/strong><\/span><\/h2>\n<ul>\n<li>de regrouper les patientes et leurs familles afin de rompre leur isolement en cr\u00e9ant des liens d&rsquo;amiti\u00e9 et de solidarit\u00e9.<\/li>\n<li>de d\u00e9velopper, en liaison avec les m\u00e9decins, l&rsquo;information (notamment au moyen de r\u00e9unions et de bulletins) sur les traitements et les techniques susceptibles de r\u00e9soudre les probl\u00e8mes pos\u00e9s par le syndrome de Turner : hormone de croissance, oestrog\u00e8nes, f\u00e9condation in vitro.<\/li>\n<li>d&rsquo;aider, dans la mesure du possible, la recherche m\u00e9dicale dans les domaines \u00e9voqu\u00e9s ci-dessus et de d\u00e9fendre les int\u00e9r\u00eats des personnes ayant un syndrome de Turner\u00a0pour obtenir les traitements les mieux adapt\u00e9s.<\/li>\n<li>de fournir un accompagnement psychologique aux jeunes filles et aux familles concern\u00e9es.<\/li>\n<li>d&rsquo;accompagner les jeunes femmes et leurs familles dans les d\u00e9marches d&rsquo;adoption et les aider \u00e0 faire valoir leurs droits aupr\u00e8s des administrations et des associations concern\u00e9es.<\/li>\n<\/ul>\n<p>D&rsquo;une mani\u00e8re g\u00e9n\u00e9rale, agir dans l&rsquo;int\u00e9r\u00eat des patientes\u00a0et de leurs familles sur toute question concernant le syndrome de Turner.<\/p>\n<h2><span class=\"titre\" style=\"color: #339966;\"><span class=\"titre\">Les principaux moyens d&rsquo;action d&rsquo;AGAT sont :<\/span><\/span><\/h2>\n<ul>\n<li>le regroupement des patientes et de leurs familles en groupes Amiti\u00e9-Turner qui se r\u00e9unissent dans chaque r\u00e9gion et sont repr\u00e9sent\u00e9s au Conseil d&rsquo;Administration par des D\u00e9l\u00e9gu\u00e9s R\u00e9gionaux.<\/li>\n<li>l&rsquo;organisation de r\u00e9unions r\u00e9gionales, et, annuellement, d&rsquo;une journ\u00e9e nationale Turner o\u00f9 sont trait\u00e9es, en liaison avec des \u00e9quipes m\u00e9dicales, les questions concernant le syndrome de Turner.<\/li>\n<li>la diffusion aux adh\u00e9rents d&rsquo;un bulletin d&rsquo;information et de comptes rendus des r\u00e9unions.<\/li>\n<li>les liens et \u00e9changes avec les associations concern\u00e9es par : les maladies g\u00e9n\u00e9tiques, l&rsquo;adoption, la f\u00e9condation in vitro.<\/li>\n<\/ul>\n<p><span style=\"color: #339966;\"><em>(Source: Article II des statuts de l&rsquo;association)<\/em><\/span><\/p>\n<p><!-- FIN_CONTENU --><\/p>\n","protected":false},"excerpt":{"rendered":"<p>Cr\u00e9\u00e9 \u00e0 l&rsquo;initiative d&rsquo;un groupe de parents, l&rsquo;association AGAT a pour buts : de regrouper les patientes et leurs familles afin de rompre leur isolement en cr\u00e9ant des liens d&rsquo;amiti\u00e9 &hellip; <a href=\"https:\/\/www.agat-turner.org\/?page_id=46\" class=\"more-link\">Continuer la lecture<span class=\"screen-reader-text\"> de &laquo;&nbsp;Les statuts d&rsquo;AGAT&nbsp;&raquo;<\/span><\/a><\/p>\n","protected":false},"author":1,"featured_media":0,"parent":42,"menu_order":2,"comment_status":"closed","ping_status":"closed","template":"","meta":{"footnotes":""},"class_list":["post-46","page","type-page","status-publish","hentry"],"_links":{"self":[{"href":"https:\/\/www.agat-turner.org\/index.php?rest_route=\/wp\/v2\/pages\/46","targetHints":{"allow":["GET"]}}],"collection":[{"href":"https:\/\/www.agat-turner.org\/index.php?rest_route=\/wp\/v2\/pages"}],"about":[{"href":"https:\/\/www.agat-turner.org\/index.php?rest_route=\/wp\/v2\/types\/page"}],"author":[{"embeddable":true,"href":"https:\/\/www.agat-turner.org\/index.php?rest_route=\/wp\/v2\/users\/1"}],"replies":[{"embeddable":true,"href":"https:\/\/www.agat-turner.org\/index.php?rest_route=%2Fwp%2Fv2%2Fcomments&post=46"}],"version-history":[{"count":9,"href":"https:\/\/www.agat-turner.org\/index.php?rest_route=\/wp\/v2\/pages\/46\/revisions"}],"predecessor-version":[{"id":864,"href":"https:\/\/www.agat-turner.org\/index.php?rest_route=\/wp\/v2\/pages\/46\/revisions\/864"}],"up":[{"embeddable":true,"href":"https:\/\/www.agat-turner.org\/index.php?rest_route=\/wp\/v2\/pages\/42"}],"wp:attachment":[{"href":"https:\/\/www.agat-turner.org\/index.php?rest_route=%2Fwp%2Fv2%2Fmedia&parent=46"}],"curies":[{"name":"wp","href":"https:\/\/api.w.org\/{rel}","templated":true}]}}