{"id":40,"date":"2016-09-15T12:35:26","date_gmt":"2016-09-15T10:35:26","guid":{"rendered":"http:\/\/ns328511.ip-37-187-114.eu\/agatwp\/?page_id=40"},"modified":"2018-05-26T12:24:23","modified_gmt":"2018-05-26T10:24:23","slug":"conseil-scientifique","status":"publish","type":"page","link":"https:\/\/www.agat-turner.org\/?page_id=40","title":{"rendered":"Conseil scientifique"},"content":{"rendered":"<p>D\u00e8s le d\u00e9but, AGAT a souhait\u00e9 travailler en \u00e9troite liaison avec les m\u00e9decins et dispose d&rsquo;un conseil scientifique compos\u00e9 de sp\u00e9cialistes des probl\u00e8mes soulev\u00e9s par le syndrome de Turner .<\/p>\n<p>Notre conseil scientifique est compos\u00e9 de :<\/p>\n<table style=\"width: 100%;\" border=\"0\">\n<tbody>\n<tr style=\"height: 28px;\">\n<td style=\"width: 25%; text-align: center;\" colspan=\"2\" rowspan=\"1\"><strong><span style=\"font-size: 8pt;\"> Nom<\/span><\/strong><\/td>\n<td style=\"width: 25%; text-align: center;\" colspan=\"1\" rowspan=\"1\"><strong><span style=\"font-size: 8pt;\">Fonction<\/span><\/strong><\/td>\n<td style=\"width: 25%; text-align: center;\" colspan=\"1\" rowspan=\"1\"><strong><span style=\"font-size: 8pt;\">Etablissement<\/span><\/strong><\/td>\n<td style=\"width: 25%; text-align: center;\" colspan=\"1\" rowspan=\"1\"><strong><span style=\"font-size: 8pt;\">Ville<\/span><\/strong><\/td>\n<\/tr>\n<tr style=\"height: 56px;\">\n<td style=\"width: 25%; text-align: center;\" colspan=\"2\" rowspan=\"1\"><span style=\"font-size: 8pt;\">Madame le professeur MANOUVRIER<\/span><\/td>\n<td style=\"width: 25%; text-align: center;\" colspan=\"1\" rowspan=\"1\"><span style=\"font-size: 8pt;\">G\u00e9n\u00e9ticienne<\/span><\/td>\n<td style=\"width: 25%; text-align: center;\" colspan=\"1\" rowspan=\"1\"><span style=\"font-size: 8pt;\">H\u00f4pital Jeanne de Flandres<\/span><\/td>\n<td style=\"width: 25%; text-align: center;\" colspan=\"1\" rowspan=\"1\"><span style=\"font-size: 8pt;\">Lille<\/span><\/td>\n<\/tr>\n<tr style=\"height: 41px;\">\n<td style=\"width: 25%; text-align: center;\" colspan=\"2\" rowspan=\"1\"><span style=\"font-size: 8pt;\">Monsieur le Professeur LEHEUP<\/span><\/td>\n<td style=\"width: 25%; text-align: center;\" colspan=\"1\" rowspan=\"1\"><span style=\"font-size: 8pt;\">Endocrinologue enfants<\/span><\/td>\n<td style=\"width: 25%; text-align: center;\" colspan=\"1\" rowspan=\"1\"><span style=\"font-size: 8pt;\">H\u00f4pital des enfants Brabois<\/span><\/td>\n<td style=\"width: 25%; text-align: center;\" colspan=\"1\" rowspan=\"1\"><span style=\"font-size: 8pt;\">Vandoeuvre les Nancy<\/span><\/td>\n<\/tr>\n<tr style=\"height: 28px;\">\n<td style=\"width: 25%; text-align: center;\" colspan=\"2\" rowspan=\"1\"><span style=\"font-size: 8pt;\">Madame CROSNIER-SCH\u00d6DEL<\/span><\/td>\n<td style=\"width: 25%; text-align: center;\" colspan=\"1\" rowspan=\"1\"><span style=\"font-size: 8pt;\">Psychologue<\/span><\/td>\n<td style=\"width: 25%; text-align: center;\" colspan=\"1\" rowspan=\"1\"><span style=\"font-size: 8pt;\">H\u00f4pital Trousseau<\/span><\/td>\n<td style=\"width: 25%; text-align: center;\" colspan=\"1\" rowspan=\"1\"><span style=\"font-size: 8pt;\">Paris<\/span><\/td>\n<\/tr>\n<tr style=\"height: 28px;\">\n<td style=\"width: 25%; text-align: center;\" colspan=\"2\" rowspan=\"1\"><span style=\"font-size: 8pt;\">Monsieur le Professeur SULTAN<\/span><\/td>\n<td style=\"width: 25%; text-align: center;\" colspan=\"1\" rowspan=\"1\"><span style=\"font-size: 8pt;\">Endocrinologue enfants<\/span><\/td>\n<td style=\"width: 25%; text-align: center;\" colspan=\"1\" rowspan=\"1\"><span style=\"font-size: 8pt;\">H\u00f4pital Arnaud de Villeneuve<\/span><\/td>\n<td style=\"width: 25%; text-align: center;\" colspan=\"1\" rowspan=\"1\"><span style=\"font-size: 8pt;\">Montpellier (34)<\/span><\/td>\n<\/tr>\n<tr style=\"height: 28px;\">\n<td style=\"width: 25%; text-align: center;\" colspan=\"2\" rowspan=\"1\"><span style=\"font-size: 8pt;\">Madame le Professeur TAUBER<\/span><\/td>\n<td style=\"width: 25%; text-align: center;\" colspan=\"1\" rowspan=\"1\">\u00a0<\/td>\n<td style=\"width: 25%; text-align: center;\" colspan=\"1\" rowspan=\"1\"><span style=\"font-size: 8pt;\">H\u00f4pital Purpan<\/span><\/td>\n<td style=\"width: 25%; text-align: center;\" colspan=\"1\" rowspan=\"1\"><span style=\"font-size: 8pt;\">Toulouse (31)<\/span><\/td>\n<\/tr>\n<tr style=\"height: 56px;\">\n<td style=\"width: 25%; text-align: center;\" colspan=\"2\" rowspan=\"1\"><span style=\"font-size: 8pt;\">Madame le Docteur THIBAUD<\/span><\/td>\n<td style=\"width: 25%; text-align: center;\" colspan=\"1\" rowspan=\"1\">\u00a0<\/td>\n<td style=\"width: 25%; text-align: center;\" colspan=\"1\" rowspan=\"1\"><span style=\"font-size: 8pt;\">H\u00f4pital des Enfants Malades (Necker)<\/span><\/td>\n<td style=\"width: 25%; text-align: center;\" colspan=\"1\" rowspan=\"1\"><span style=\"font-size: 8pt;\">Paris<\/span><\/td>\n<\/tr>\n<tr style=\"height: 56px;\">\n<td style=\"width: 25%; text-align: center;\" colspan=\"2\" rowspan=\"1\"><span style=\"font-size: 8pt;\">Madame le Professeur CHRISTIN-MAITRE<\/span><\/td>\n<td style=\"width: 25%; text-align: center;\" colspan=\"1\" rowspan=\"1\"><span style=\"font-size: 8pt;\">Endocrinologue<\/span><\/td>\n<td style=\"width: 25%; text-align: center;\" colspan=\"1\" rowspan=\"1\"><span style=\"font-size: 8pt;\">H\u00f4pital Saint Antoine<\/span><\/td>\n<td style=\"width: 25%; text-align: center;\" colspan=\"1\" rowspan=\"1\"><span style=\"font-size: 8pt;\">Paris<\/span><\/td>\n<\/tr>\n<tr style=\"height: 56px;\">\n<td style=\"width: 25%; text-align: center;\" colspan=\"2\" rowspan=\"1\"><span style=\"font-size: 8pt;\">Madame le professeur JULIANNE LEGER<\/span><\/td>\n<td style=\"width: 25%; text-align: center;\" colspan=\"1\" rowspan=\"1\"><span style=\"font-size: 8pt;\">Coordinatrice centre de r\u00e9f\u00e9rence<\/span><\/td>\n<td style=\"width: 25%; text-align: center;\" colspan=\"1\" rowspan=\"1\"><span style=\"font-size: 8pt;\">H\u00f4pital Debr\u00e9<\/span><\/td>\n<td style=\"width: 25%; text-align: center;\" colspan=\"1\" rowspan=\"1\"><span style=\"font-size: 8pt;\">PARIS<\/span><\/td>\n<\/tr>\n<\/tbody>\n<\/table>\n<p><!-- FIN_CONTENU --><\/p>\n","protected":false},"excerpt":{"rendered":"<p>D\u00e8s le d\u00e9but, AGAT a souhait\u00e9 travailler en \u00e9troite liaison avec les m\u00e9decins et dispose d&rsquo;un conseil scientifique compos\u00e9 de sp\u00e9cialistes des probl\u00e8mes soulev\u00e9s par le syndrome de Turner . &hellip; <a href=\"https:\/\/www.agat-turner.org\/?page_id=40\" class=\"more-link\">Continuer la lecture<span class=\"screen-reader-text\"> de &laquo;&nbsp;Conseil scientifique&nbsp;&raquo;<\/span><\/a><\/p>\n","protected":false},"author":1,"featured_media":0,"parent":42,"menu_order":16,"comment_status":"closed","ping_status":"closed","template":"","meta":{"footnotes":""},"class_list":["post-40","page","type-page","status-publish","hentry"],"_links":{"self":[{"href":"https:\/\/www.agat-turner.org\/index.php?rest_route=\/wp\/v2\/pages\/40","targetHints":{"allow":["GET"]}}],"collection":[{"href":"https:\/\/www.agat-turner.org\/index.php?rest_route=\/wp\/v2\/pages"}],"about":[{"href":"https:\/\/www.agat-turner.org\/index.php?rest_route=\/wp\/v2\/types\/page"}],"author":[{"embeddable":true,"href":"https:\/\/www.agat-turner.org\/index.php?rest_route=\/wp\/v2\/users\/1"}],"replies":[{"embeddable":true,"href":"https:\/\/www.agat-turner.org\/index.php?rest_route=%2Fwp%2Fv2%2Fcomments&post=40"}],"version-history":[{"count":15,"href":"https:\/\/www.agat-turner.org\/index.php?rest_route=\/wp\/v2\/pages\/40\/revisions"}],"predecessor-version":[{"id":574,"href":"https:\/\/www.agat-turner.org\/index.php?rest_route=\/wp\/v2\/pages\/40\/revisions\/574"}],"up":[{"embeddable":true,"href":"https:\/\/www.agat-turner.org\/index.php?rest_route=\/wp\/v2\/pages\/42"}],"wp:attachment":[{"href":"https:\/\/www.agat-turner.org\/index.php?rest_route=%2Fwp%2Fv2%2Fmedia&parent=40"}],"curies":[{"name":"wp","href":"https:\/\/api.w.org\/{rel}","templated":true}]}}