{"id":29,"date":"2016-09-15T12:04:27","date_gmt":"2016-09-15T10:04:27","guid":{"rendered":"http:\/\/ns328511.ip-37-187-114.eu\/agatwp\/?page_id=29"},"modified":"2023-01-21T15:13:03","modified_gmt":"2023-01-21T14:13:03","slug":"presentation-generale-du-syndrome-de-turner","status":"publish","type":"page","link":"https:\/\/www.agat-turner.org\/?page_id=29","title":{"rendered":"Pr\u00e9sentation g\u00e9n\u00e9rale du syndrome de Turner"},"content":{"rendered":"\n<h2 class=\"wp-block-heading\">D\u00e9finition<\/h2>\n\n\n\n<p><strong>Le syndrome de Turner est une particularit\u00e9 g\u00e9n\u00e9tique r\u00e9sultant de l&rsquo;absence chez la fille d&rsquo;un chromosome sexuel X. Elle a \u00e9t\u00e9 d\u00e9crite pour la premi\u00e8re fois par Henri Turner en 1938.<\/strong><\/p>\n\n\n\n<p>On sait que la diff\u00e9renciation sexuelle est d\u00e9termin\u00e9 par deux chromosomes sexuels : X et Y. C&rsquo;est le chromosome Y qui provoque le d\u00e9veloppement d&rsquo;un ph\u00e9notype masculin. Sans chromosome Y, le d\u00e9veloppement de l&#8217;embryon se fait avec un ph\u00e9notype f\u00e9minin &lsquo;par d\u00e9faut&rsquo;. Ce syndrome concerne donc <strong>majoritairement les jeunes filles<\/strong>.<\/p>\n\n\n\n<p>Il se caract\u00e9rise donc par une <strong>anomalie du caryotype<\/strong> : absence totale de chromosome X, qui se traduit par la formule 45X0, ce qui entra\u00eene un dysfonctionnement des ovaires et un retard de croissance (petite taille). La fr\u00e9quence du syndrome de Turner est de 1\/2500 naissances de fille(s).<\/p>\n\n\n\n<p>Dans certains cas, il s&rsquo;agit d&rsquo;un <strong>Turner en \u00ab\u00a0mosa\u00efque\u00a0\u00bb<\/strong> : certaines cellules ont un caryotype 46XX et d&rsquo;autres 45X0. Dans ce cas, il faudra examiner de plus pr\u00e8s la possibilit\u00e9 de pubert\u00e9 spontan\u00e9e et de fertilit\u00e9 de la jeune femme par des examens compl\u00e9mentaires.<\/p>\n\n\n\n<hr class=\"wp-block-separator has-alpha-channel-opacity\" id=\"system-readmore\"\/>\n\n\n\n<h2 class=\"wp-block-heading\">Sympt\u00f4mes, diagnostic<\/h2>\n\n\n\n<p>Le diagnostic peut \u00eatre effectu\u00e9 \u00e0 diff\u00e9rentes \u00e9tapes de la vie :<\/p>\n\n\n\n<ul class=\"wp-block-list\">\n<li><strong>avant la naissance (diagnostique ant\u00e9natal)<\/strong> : in utero sur un caryotype fait en raison de l&rsquo;\u00e2ge avanc\u00e9 de la m\u00e8re ou d&rsquo;anomalies \u00e9chographiques lors de la grossesse<\/li>\n\n\n\n<li><strong>en p\u00e9riode n\u00e9onatale<\/strong> devant un lymph\u0153d\u00e8me cong\u00e9nital localis\u00e9 sur le dos des pieds et des mains, remontant parfois sur les jambes et les avant-bras. Cet \u0153d\u00e8me se r\u00e9sorbe et laisse place \u00e0 une peau mobile, trop l\u00e2che.<\/li>\n\n\n\n<li><strong>dans l&rsquo;enfance<\/strong> devant un retard de croissance<\/li>\n\n\n\n<li><strong>\u00e0 l&rsquo;\u00e2ge pubertaire<\/strong> devant une absence de d\u00e9veloppement des seins ou une am\u00e9norrh\u00e9e primaire<\/li>\n\n\n\n<li><strong>\u00e0 l&rsquo;\u00e2ge adulte<\/strong> devant une cardiopathie ou une infertilit\u00e9 qui peuvent mener \u00e0 un diagnostic<\/li>\n<\/ul>\n\n\n\n<p>Dans certains cas, certaines <strong>anomalies morphologiques<\/strong> sont \u00e9vocatrices : visage un peu rond, palmures du cou rejoignant les \u00e9paules, nombreux naevi (grains de beaut\u00e9) sur la peau, thorax bomb\u00e9 en bouclier \u00e9largi avec des mamelons hypoplasiques tr\u00e8s \u00e9cart\u00e9s. La radiographie du squelette peut montrer une ost\u00e9oporose diffuse.<\/p>\n\n\n\n<p>Le niveau intellectuel est le plus souvent tout \u00e0 fait normal. On voit de nombreux exemples de jeunes filles Turner avec un parcours scolaire et professionnel tout \u00e0 fait normal voire m\u00eame tr\u00e8s bon.<\/p>\n\n\n\n<p>Les ovaires sont remplac\u00e9s par des bandelettes nacr\u00e9es fibreuses visibles \u00e0 l&rsquo;examen. La taille adulte varie sans traitement de 142 \u00e0 147 cm.<\/p>\n\n\n\n<h2 class=\"wp-block-heading\">Examens compl\u00e9mentaires<\/h2>\n\n\n\n<p>Devant l&rsquo;absence de pubert\u00e9, les gonadotrophines, LH et FSH, s\u00e9cr\u00e9t\u00e9es par l&rsquo;hypophyse augmentent pour tenter de stimuler les ovaires. Leur dosage dans le sang est parfois utile pour effectuer un diagnostic \u00e0 l\u00b4\u00e2ge de la pubert\u00e9.<\/p>\n\n\n\n<p>Le <strong>caryotype<\/strong> permet de faire un diagnostic tout \u00e2ge.<\/p>\n\n\n\n<p>L&rsquo;imagerie permet parfois de pr\u00e9ciser les chances de maternit\u00e9 en jugeant de l&rsquo;existence et de l&rsquo;\u00e9tat des ovaires et de la r\u00e9serve ovarienne.<\/p>\n\n\n\n<p>Le syndrome de Turner entra\u00eene une<strong> prise en charge globale de la patiente<\/strong> : suivi cardiologique r\u00e9gulier, endocrinologie, gyn\u00e9cologie.. Des <strong>consultations multidisciplinaires<\/strong> existent afin de faciliter le traitement par des <a style=\"color: #1a1a1a; box-shadow: none;\" href=\"https:\/\/fr-pharma24.com\/cialis-generique-en-ligne\/\">m\u00e9dicaments<\/a> et la prise en charge des patientes.<\/p>\n\n\n\n<h2 class=\"wp-block-heading\">Traitements<\/h2>\n\n\n\n<p>Le retard de croissance est pris en charge par <strong>hormone de croissance (growth Hormone)<\/strong>. Le traitement par hormone de croissance conduit \u00e0 une taille adulte sup\u00e9rieure \u00e0 150 cm dans plus de 50% des cas.<\/p>\n\n\n\n<p>Un <strong>traitement par oestrog\u00e8nes<\/strong> est ensuite mis en place progressivement d\u00e8s la fin de la croissance, lorsque l&rsquo;hormone de croissance n&rsquo;a plus d&rsquo;effet, pour induire un d\u00e9veloppement des caract\u00e8res sexuels secondaires et une acc\u00e9l\u00e9ration pubertaire de la vitesse de croissance. Un <strong>traitement oestroprogestatif de substitution<\/strong> est ensuite entrepris.<\/p>\n\n\n\n<p>La st\u00e9rilit\u00e9 est en principe d\u00e9finitive mais l&rsquo;appareil g\u00e9nital est normal et permet une vie sexuelle satisfaisante. Les <strong>progr\u00e8s des techniques de procr\u00e9ation m\u00e9dicalement assist\u00e9e<\/strong> ont rendu possible des grossesses chez de nombreuses patientes. <strong>L&rsquo;adoption<\/strong> est \u00e9galement une voie possible. Certaines femmes pr\u00e9sentant une caryotype en \u00ab\u00a0mosa\u00efque\u00a0\u00bb peuvent m\u00eame pr\u00e9senter un appareil g\u00e9nital normal et une grossesse naturelle.<\/p>\n","protected":false},"excerpt":{"rendered":"<p>D\u00e9finition Le syndrome de Turner est une particularit\u00e9 g\u00e9n\u00e9tique r\u00e9sultant de l&rsquo;absence chez la fille d&rsquo;un chromosome sexuel X. Elle a \u00e9t\u00e9 d\u00e9crite pour la premi\u00e8re fois par Henri Turner &hellip; <a href=\"https:\/\/www.agat-turner.org\/?page_id=29\" class=\"more-link\">Continuer la lecture<span class=\"screen-reader-text\"> de &laquo;&nbsp;Pr\u00e9sentation g\u00e9n\u00e9rale du syndrome de Turner&nbsp;&raquo;<\/span><\/a><\/p>\n","protected":false},"author":1,"featured_media":0,"parent":0,"menu_order":2,"comment_status":"closed","ping_status":"closed","template":"","meta":{"footnotes":""},"class_list":["post-29","page","type-page","status-publish","hentry"],"_links":{"self":[{"href":"https:\/\/www.agat-turner.org\/index.php?rest_route=\/wp\/v2\/pages\/29","targetHints":{"allow":["GET"]}}],"collection":[{"href":"https:\/\/www.agat-turner.org\/index.php?rest_route=\/wp\/v2\/pages"}],"about":[{"href":"https:\/\/www.agat-turner.org\/index.php?rest_route=\/wp\/v2\/types\/page"}],"author":[{"embeddable":true,"href":"https:\/\/www.agat-turner.org\/index.php?rest_route=\/wp\/v2\/users\/1"}],"replies":[{"embeddable":true,"href":"https:\/\/www.agat-turner.org\/index.php?rest_route=%2Fwp%2Fv2%2Fcomments&post=29"}],"version-history":[{"count":9,"href":"https:\/\/www.agat-turner.org\/index.php?rest_route=\/wp\/v2\/pages\/29\/revisions"}],"predecessor-version":[{"id":1000,"href":"https:\/\/www.agat-turner.org\/index.php?rest_route=\/wp\/v2\/pages\/29\/revisions\/1000"}],"wp:attachment":[{"href":"https:\/\/www.agat-turner.org\/index.php?rest_route=%2Fwp%2Fv2%2Fmedia&parent=29"}],"curies":[{"name":"wp","href":"https:\/\/api.w.org\/{rel}","templated":true}]}}