{"id":10,"date":"2016-09-15T09:05:27","date_gmt":"2016-09-15T07:05:27","guid":{"rendered":"http:\/\/ns328511.ip-37-187-114.eu\/agatwp\/?page_id=10"},"modified":"2025-11-15T11:32:20","modified_gmt":"2025-11-15T10:32:20","slug":"les-membres-du-bureau","status":"publish","type":"page","link":"https:\/\/www.agat-turner.org\/?page_id=10","title":{"rendered":"Les membres du bureau AGAT"},"content":{"rendered":"<h1><span style=\"color: #339966;\">BUREAU NATIONAL &#8211; MAJ 024<\/span><\/h1>\n<p style=\"text-align: left;\">Le bureau est constitu\u00e9 de la pr\u00e9sidente, vice-pr\u00e9sidente, secr\u00e9taire, tr\u00e9sori\u00e8re, de membres associ\u00e9s &#8211; et est garant de la bonne marche et de la continuit\u00e9 de l&rsquo;association.<br \/>Vous pouvez nous joindre \u00e0 l&rsquo;adresse suivante : <a href=\"mailto:association_agatts@yahoo.fr\">association_agatts@yahoo.fr<\/a><\/p>\n<table style=\"width: 100%;\" border=\"0\" align=\"center\">\n<tbody>\n<tr>\n<td style=\"width: 30%;\">\u00a0<\/td>\n<td style=\"width: 30%;\"><span style=\"font-size: 10pt;\"><strong>Fonction<\/strong><\/span><\/td>\n<td style=\"width: 30%;\"><span style=\"font-size: 10pt;\"><strong>Contact<\/strong><\/span><\/td>\n<\/tr>\n<tr>\n<td style=\"width: 30%;\"><span style=\"font-size: 10pt;\">Mme Charlotte POTIER-VIVIEN<\/span><\/td>\n<td style=\"width: 30%;\"><span style=\"font-size: 10pt;\">Pr\u00e9sidente<\/span><\/td>\n<td style=\"width: 30%;\"><span style=\"font-size: 10pt;\">06 75 93 10 10<br \/>charlotte.vivien[@]agat-turner.org<\/span><\/td>\n<\/tr>\n<tr>\n<td style=\"width: 30%;\"><span style=\"font-size: 10pt;\">Mme Marie-Est\u00e9e FRAN\u00c7OIS<\/span><\/td>\n<td style=\"width: 30%;\"><span style=\"font-size: 10pt;\">Vice-pr\u00e9sidente<\/span><\/td>\n<td style=\"width: 30%;\"><span style=\"font-size: 10pt;\">marieestee.francois[@]agat-turner.org\u00a0<\/span><\/td>\n<\/tr>\n<tr>\n<td style=\"width: 30%;\"><span style=\"font-size: 10pt;\">Mme BODENNEC Anne-Lise<\/span><\/td>\n<td style=\"width: 30%;\"><span style=\"font-size: 10pt;\">Secr\u00e9taire<\/span><\/td>\n<td style=\"width: 30%;\"><span style=\"font-size: 10pt;\">anne-lise.bodennec[@]agat-turner.org<\/span><\/td>\n<\/tr>\n<tr>\n<td style=\"width: 30%;\"><span style=\"font-size: 10pt;\">Melle Sandra ALLARD<\/span><\/td>\n<td style=\"width: 30%;\"><span style=\"font-size: 10pt;\">Tr\u00e9sori\u00e8re<\/span><\/td>\n<td style=\"width: 30%;\">\u00a0<\/td>\n<\/tr>\n<tr>\n<td style=\"width: 30%;\"><span style=\"font-size: 10pt;\">M. C\u00e9dric BRUNO<\/span><\/td>\n<td style=\"width: 30%;\"><span style=\"font-size: 10pt;\">Membre associ\u00e9 (laboratoires)<\/span><\/td>\n<td style=\"width: 30%;\"><span style=\"font-size: 10pt;\">\u00a0<\/span><\/td>\n<\/tr>\n<tr>\n<td style=\"width: 30%;\"><span style=\"font-size: 10pt;\">Mlle Alice DANGERFIELD<\/span><\/td>\n<td style=\"width: 30%;\"><span style=\"font-size: 10pt;\">Membre associ\u00e9 (s\u00e9jours)<\/span><\/td>\n<td style=\"width: 30%;\"><span style=\"font-size: 10pt;\">\u00a0<\/span><\/td>\n<\/tr>\n<tr>\n<td style=\"width: 30%;\"><span style=\"font-size: 10pt;\">Mlle Bluette GOMBERT<\/span><\/td>\n<td style=\"width: 30%;\"><span style=\"font-size: 10pt;\">Membre associ\u00e9 (s\u00e9jours)<\/span><\/td>\n<td style=\"width: 30%;\">\u00a0<\/td>\n<\/tr>\n<tr>\n<td style=\"width: 30%;\"><span style=\"font-size: 10pt;\">Mlle Catherine\u00a0HURBAIN<\/span><\/td>\n<td style=\"width: 30%;\"><span style=\"font-size: 10pt;\">Membre associ\u00e9 (site web)<\/span><\/td>\n<td style=\"width: 30%;\">\u00a0<\/td>\n<\/tr>\n<tr>\n<td style=\"width: 30%;\"><span style=\"font-size: 10pt;\">Mme L\u00e9a MESCHI<\/span><\/td>\n<td style=\"width: 30%;\"><span style=\"font-size: 10pt;\">Membre associ\u00e9 (bulletin)<\/span><\/td>\n<td style=\"width: 30%;\">\u00a0<\/td>\n<\/tr>\n<\/tbody>\n<\/table>\n\n\n<p><em>Pr\u00e9sidentes honoraires :<\/em><\/p>\n\n\n\n<p>Mme Maryl\u00e8ne MALLIEU-LASSUS<br>Mme DE MONTMARIN Claire<br>Mme DE WARREN Marguerite<\/p>\n","protected":false},"excerpt":{"rendered":"<p>BUREAU NATIONAL &#8211; MAJ 024 Le bureau est constitu\u00e9 de la pr\u00e9sidente, vice-pr\u00e9sidente, secr\u00e9taire, tr\u00e9sori\u00e8re, de membres associ\u00e9s &#8211; et est garant de la bonne marche et de la continuit\u00e9 &hellip; <a href=\"https:\/\/www.agat-turner.org\/?page_id=10\" class=\"more-link\">Continuer la lecture<span class=\"screen-reader-text\"> de &laquo;&nbsp;Les membres du bureau AGAT&nbsp;&raquo;<\/span><\/a><\/p>\n","protected":false},"author":1,"featured_media":0,"parent":32,"menu_order":15,"comment_status":"closed","ping_status":"closed","template":"","meta":{"footnotes":""},"class_list":["post-10","page","type-page","status-publish","hentry"],"_links":{"self":[{"href":"https:\/\/www.agat-turner.org\/index.php?rest_route=\/wp\/v2\/pages\/10","targetHints":{"allow":["GET"]}}],"collection":[{"href":"https:\/\/www.agat-turner.org\/index.php?rest_route=\/wp\/v2\/pages"}],"about":[{"href":"https:\/\/www.agat-turner.org\/index.php?rest_route=\/wp\/v2\/types\/page"}],"author":[{"embeddable":true,"href":"https:\/\/www.agat-turner.org\/index.php?rest_route=\/wp\/v2\/users\/1"}],"replies":[{"embeddable":true,"href":"https:\/\/www.agat-turner.org\/index.php?rest_route=%2Fwp%2Fv2%2Fcomments&post=10"}],"version-history":[{"count":40,"href":"https:\/\/www.agat-turner.org\/index.php?rest_route=\/wp\/v2\/pages\/10\/revisions"}],"predecessor-version":[{"id":1230,"href":"https:\/\/www.agat-turner.org\/index.php?rest_route=\/wp\/v2\/pages\/10\/revisions\/1230"}],"up":[{"embeddable":true,"href":"https:\/\/www.agat-turner.org\/index.php?rest_route=\/wp\/v2\/pages\/32"}],"wp:attachment":[{"href":"https:\/\/www.agat-turner.org\/index.php?rest_route=%2Fwp%2Fv2%2Fmedia&parent=10"}],"curies":[{"name":"wp","href":"https:\/\/api.w.org\/{rel}","templated":true}]}}